{"id":94,"date":"2023-04-03T19:30:35","date_gmt":"2023-04-03T17:30:35","guid":{"rendered":"https:\/\/consolatomosca.esteri.it\/?page_id=94"},"modified":"2026-04-01T16:21:43","modified_gmt":"2026-04-01T12:21:43","slug":"altri-servizi","status":"publish","type":"page","link":"https:\/\/consdubai.esteri.it\/it\/servizi-consolari-e-visti\/servizi-per-il-cittadino-italiano\/altri-servizi\/","title":{"rendered":"Altri servizi consolari"},"content":{"rendered":"<p>Gli ulteriori servizi erogati da questo Consolato Generale sono i seguenti:<\/p>\n<ul>\n<li>Emissione di certificati (stato civile, capacit\u00e0 matrimoniale, cittadinanza, iscrizione allo schedario consolare&#8230;) N.B. il certificato di iscrizione AIRE pu\u00f2 essere richiesto <u>esclusivamente<\/u> al proprio Comune di riferimento<\/li>\n<li>Estensione validit\u00e0 patenti (<a href=\"https:\/\/consdubai.esteri.it\/it\/servizi-consolari-e-visti\/servizi-per-il-cittadino-italiano\/autoveicoli-e-patenti-di-guida\/\">link pagina<\/a>)<\/li>\n<li>Dichiarazioni di accompagnamento (<a href=\"https:\/\/consdubai.esteri.it\/wp-content\/uploads\/2023\/10\/accompagnamento_marzo_2019.pdf\">link modulo<\/a>)<\/li>\n<li>Autentica di fotografia<\/li>\n<li>Autentica di firma<\/li>\n<li>Copia conforme<\/li>\n<li>Ricezione atti di assenso per rilascio passaporto per minori in altra sede<\/li>\n<li>Esenzione doganale per rimpatrio masserizie (<a href=\"https:\/\/consdubai.esteri.it\/wp-content\/uploads\/2023\/10\/masserizie2018.pdf\">link<\/a>)<\/li>\n<\/ul>\n<p>&nbsp;<\/p>\n<p>Per l\u2019accesso a questi servizi l\u2019utente potr\u00e0 accedere al portale <a href=\"https:\/\/prenotami.esteri.it\/\">\u201cPrenot@mi\u201d<\/a> e prendere appuntamento per \u201caltri servizi consolari\u201d.<\/p>\n<p>Le tariffe per i servizi consolari sono consultabili al seguente <a href=\"https:\/\/consdubai.esteri.it\/wp-content\/uploads\/2026\/04\/Tariffe_consolari_visti_IItrimestre2026.pdf\">link<\/a>\u00a0\u00a0<em>(Le tariffe consolari potranno essere pagate esclusivamente in contanti)<\/em><\/p>\n<p>&nbsp;<\/p>\n<p><a href=\"https:\/\/consdubai.esteri.it\/it\/servizi-consolari-e-visti\/servizi-per-il-cittadino-italiano\/altri-servizi\/albo-consolare\/\">Albo Consolare<\/a><\/p>\n","protected":false},"excerpt":{"rendered":"Gli ulteriori servizi erogati da questo Consolato Generale sono i seguenti: Emissione di certificati (stato civile, capacit\u00e0 matrimoniale, cittadinanza, iscrizione allo schedario consolare&#8230;) N.B. il certificato di iscrizione AIRE pu\u00f2 essere richiesto esclusivamente al proprio Comune di riferimento Estensione validit\u00e0 patenti (link pagina) Dichiarazioni di accompagnamento (link modulo) Autentica di fotografia Autentica di firma Copia [&hellip;]","protected":false},"author":1,"featured_media":0,"parent":59,"menu_order":22,"comment_status":"closed","ping_status":"closed","template":"","meta":{"footnotes":""},"class_list":["post-94","page","type-page","status-publish","hentry"],"_links":{"self":[{"href":"https:\/\/consdubai.esteri.it\/it\/wp-json\/wp\/v2\/pages\/94","targetHints":{"allow":["GET"]}}],"collection":[{"href":"https:\/\/consdubai.esteri.it\/it\/wp-json\/wp\/v2\/pages"}],"about":[{"href":"https:\/\/consdubai.esteri.it\/it\/wp-json\/wp\/v2\/types\/page"}],"author":[{"embeddable":true,"href":"https:\/\/consdubai.esteri.it\/it\/wp-json\/wp\/v2\/users\/1"}],"replies":[{"embeddable":true,"href":"https:\/\/consdubai.esteri.it\/it\/wp-json\/wp\/v2\/comments?post=94"}],"version-history":[{"count":6,"href":"https:\/\/consdubai.esteri.it\/it\/wp-json\/wp\/v2\/pages\/94\/revisions"}],"predecessor-version":[{"id":2408,"href":"https:\/\/consdubai.esteri.it\/it\/wp-json\/wp\/v2\/pages\/94\/revisions\/2408"}],"up":[{"embeddable":true,"href":"https:\/\/consdubai.esteri.it\/it\/wp-json\/wp\/v2\/pages\/59"}],"wp:attachment":[{"href":"https:\/\/consdubai.esteri.it\/it\/wp-json\/wp\/v2\/media?parent=94"}],"curies":[{"name":"wp","href":"https:\/\/api.w.org\/{rel}","templated":true}]}}