{"id":91,"date":"2023-04-03T19:29:59","date_gmt":"2023-04-03T17:29:59","guid":{"rendered":"https:\/\/consolatomosca.esteri.it\/?page_id=91"},"modified":"2026-04-17T11:22:22","modified_gmt":"2026-04-17T07:22:22","slug":"autoveicoli-e-patenti-di-guida","status":"publish","type":"page","link":"https:\/\/consdubai.esteri.it\/it\/servizi-consolari-e-visti\/servizi-per-il-cittadino-italiano\/autoveicoli-e-patenti-di-guida\/","title":{"rendered":"Autoveicoli e Patenti di guida"},"content":{"rendered":"<h4>CONVERSIONE DELLA PATENTE ITALIANA<\/h4>\n<p>Italia e Emirati Arabi Uniti non sono firmatari di accordi di reciprocita\u2019 in materia di conversione di patenti di guida. E\u2019 tuttavia possibile\u00a0effettuare la conversione della patente italiana seguendo le istruzioni indicate sul sito <a href=\"https:\/\/www.rta.ae\/wps\/portal\/rta\/ae\/home\/rta-services\/service-details?serviceId=3704301\">Roads &amp; Transport Authority<\/a><\/p>\n<p>&nbsp;<\/p>\n<h4>ATTESTAZIONE CONSOLARE DI CONFERMA DELLA VALIDITA&#8217; DELLA\u00a0 PATENTE DI GUIDA ITALIANA<\/h4>\n<p><strong>Chi pu\u00f2 ottenerla?<\/strong><\/p>\n<p>\u2022\u00a0i titolari di patente italiana residenti o dimoranti per un periodo di almeno 6 mesi in Paesi extra UE, in possesso dei requisiti psico-fisici\u00a0previsti dalle norme vigenti e opportunamente certificati dai medici fiduciari, possono ottenere presso le competenti Autorit\u00e0 diplomatico-consolari italiane la conferma della validit\u00e0 della loro patente italiana, scaduta da non pi\u00f9 di cinque anni.<\/p>\n<p><b>Chi non pu\u00f2 ottenerla?<\/b><\/p>\n<p>\u2022 i diabetici, i mutilati e minorati fisici; gli ultra 65enni con titolo alla guida di autocarri di massa complessiva, a pieno carico, superiore a 3,5 t, autotreni ed autoarticolati, adibiti al trasporto di cose, la cui massa complessiva, a pieno carico, non sia superiore a 20 t, macchine operatrici: per tali categorie \u00e8 obbligatoria una visita medica collegiale presso le ASL in Italia.<\/p>\n<p><strong>Cosa occorre presentare all\u2019Autorit\u00e0 consolare per ottenere l\u2019attestazione?<\/strong><\/p>\n<p>1. certificato medico<strong>\u00a0<\/strong> rilasciato dal medico di fiducia del Consolato Dr. Sergio MAZZEI General Surgeon, Healthbay Clinic &#8211; Verve Villas Dubai &#8211; UAE Verve Villas &#8211; 1-6 Al Wasl Rd &#8211; Umm Al Sheif \u2013 Dubai, tel.\u00a0\u00a0\u00a0\u00a0\u00a0\u00a0\u00a0\u00a0\u00a0\u00a0\u00a0 \u00a004 526 4222\u00a0\u00a0\u00a0\u00a0\u00a0 mob. 509487224, email: <a href=\"mailto:mazzeisergio1979@gmail.com\">mazzeisergio1979@gmail.com<\/a> (NB: l\u2019onorario dovuto \u00e8 a carico del connazionale).\u00a0<strong>Ai fini del rilascio del certificato medico, occorre presentare il passaporto in corso di validit\u00e0, la patente di guida italiana e una fototessera recente;<\/strong><br \/>\n2. patente di guida scaduta da non oltre tre anni;<br \/>\n3. pagare l&#8217;equivalente in dirham di \u20ac 50.00 (non si accettano altre valute e il pagamento deve avvenire in contanti) che possono leggermente oscillare in relazione al tasso di cambio ufficiale dell\u2019Ambasciata.<\/p>\n<p><strong>Come avviene il rilascio?<\/strong><\/p>\n<p>\u2022 viene rilasciata una specifica \u201cAttestazione consolare di conferma della validit\u00e0 della patente di guida\u201d, la quale \u00e8 valida esclusivamente per il periodo di residenza all\u2019estero e va conservata unitamente alla patente originale scaduta e, a richiesta, \u00e8 da esibire assieme a quella;<br \/>\n\u2022 al rientro in Italia, il titolare della patente ha l&#8217;obbligo, entro sei mesi dalla riacquisizione della residenza in Italia, di rinnovare la patente stessa secondo la procedura ordinaria prevista al comma 8 dell&#8217;art. 126 del codice della strada, quindi anche nel caso in cui il rinnovo fatto presso il Consolato sia ancora valido.<\/p>\n<p>sar\u00e0 necessario conservare sempre l&#8217;attestazione unita alla patente di guida e in particolare per effettuare la visita medica per la conferma di validit\u00e0 in Italia, al fine di provare, al medico accertatore, l&#8217;avvenuto rinnovo all&#8217;estero e quindi di dimostrare l&#8217;assenza di periodi di mancato esercizio alla guida.<\/p>\n<p><b>Per quali categorie e per quale periodo \u00e8 valida l&#8217;attestazione?<\/b><\/p>\n<p>L\u2019attestazione \u00e8 valida per il periodo di permanenza all&#8217;estero del titolare, con le seguenti limitazioni:<\/p>\n<table class=\"table\" style=\"height: 152px;\" border=\"0\" width=\"679\">\n<tbody>\n<tr align=\"center\">\n<td align=\"center\"><strong>Categoria<\/strong><\/td>\n<td align=\"center\"><strong>Meno di 50 anni<\/strong><\/td>\n<td align=\"center\"><strong>pi\u00f9 di 50<\/strong><\/td>\n<td align=\"center\"><strong>pi\u00f9 di 60<\/strong><\/td>\n<td align=\"center\"><strong>pi\u00f9 di 65<\/strong><\/td>\n<td align=\"center\"><strong>pi\u00f9 di 70<\/strong><\/td>\n<\/tr>\n<tr>\n<td align=\"center\">A<\/td>\n<td style=\"text-align: center;\" align=\"right\">10<\/td>\n<td style=\"text-align: center;\" align=\"right\">5<\/td>\n<td style=\"text-align: center;\" align=\"right\">5<\/td>\n<td style=\"text-align: center;\" align=\"right\">5<\/td>\n<td style=\"text-align: center;\" align=\"right\">3<\/td>\n<\/tr>\n<tr>\n<td align=\"center\">B<\/td>\n<td style=\"text-align: center;\" align=\"right\">10<\/td>\n<td style=\"text-align: center;\" align=\"right\">5<\/td>\n<td style=\"text-align: center;\" align=\"right\">5<\/td>\n<td style=\"text-align: center;\" align=\"right\">5<\/td>\n<td style=\"text-align: center;\" align=\"right\">3<\/td>\n<\/tr>\n<tr>\n<td align=\"center\">C<\/td>\n<td style=\"text-align: center;\" align=\"right\">5<\/td>\n<td style=\"text-align: center;\" align=\"right\">5<\/td>\n<td style=\"text-align: center;\" align=\"right\">5<\/td>\n<td style=\"text-align: center;\" align=\"right\">2<\/td>\n<td style=\"text-align: center;\" align=\"right\">2<\/td>\n<\/tr>\n<tr>\n<td align=\"center\">D<\/td>\n<td style=\"text-align: center;\" align=\"right\">5<\/td>\n<td style=\"text-align: center;\" align=\"right\">5<\/td>\n<td style=\"text-align: center;\" align=\"right\">1<\/td>\n<td align=\"center\">&#8211;<\/td>\n<td align=\"center\">&#8211;<\/td>\n<\/tr>\n<\/tbody>\n<\/table>\n<p>E La patente di categoria E (BE, CE, ecc.) ha la stessa validit\u00e0 della patente a cui e\u2019 associata<\/p>\n<p><strong>NB I duplicati per smarrimento, distruzione o furto della patente devono essere richiesti in Italia presso il competente ufficio provinciale della Direzione Generale della M.C.T.C..<\/strong><\/p>\n<p>L\u2019utente potr\u00e0 prendere appuntamento sul portale <a href=\"https:\/\/prenotami.esteri.it\/\">PRENOT@MI<\/a> selezionando il servizio <a href=\"https:\/\/consdubai.esteri.it\/it\/servizi-consolari-e-visti\/servizi-per-il-cittadino-italiano\/altri-servizi\/\">ALTRI SERVIZI CONSOLARI<\/a> e presentare il giorno dell\u2019appuntamento la necessaria documentazione.<\/p>\n<p>Le tariffe per i servizi consolari sono consultabili al seguente <a href=\"https:\/\/consdubai.esteri.it\/wp-content\/uploads\/2025\/10\/Tariffe_Consolari-Visti_IV-SEMESTRE_2025.pdf\">link<\/a>\u00a0\u00a0<em>(Le tariffe consolari potranno essere pagate esclusivamente in contanti)<\/em><\/p>\n","protected":false},"excerpt":{"rendered":"CONVERSIONE DELLA PATENTE ITALIANA Italia e Emirati Arabi Uniti non sono firmatari di accordi di reciprocita\u2019 in materia di conversione di patenti di guida. E\u2019 tuttavia possibile\u00a0effettuare la conversione della patente italiana seguendo le istruzioni indicate sul sito Roads &amp; Transport Authority &nbsp; ATTESTAZIONE CONSOLARE DI CONFERMA DELLA VALIDITA&#8217; DELLA\u00a0 PATENTE DI GUIDA ITALIANA Chi [&hellip;]","protected":false},"author":1,"featured_media":0,"parent":59,"menu_order":16,"comment_status":"closed","ping_status":"closed","template":"","meta":{"footnotes":""},"class_list":["post-91","page","type-page","status-publish","hentry"],"_links":{"self":[{"href":"https:\/\/consdubai.esteri.it\/it\/wp-json\/wp\/v2\/pages\/91","targetHints":{"allow":["GET"]}}],"collection":[{"href":"https:\/\/consdubai.esteri.it\/it\/wp-json\/wp\/v2\/pages"}],"about":[{"href":"https:\/\/consdubai.esteri.it\/it\/wp-json\/wp\/v2\/types\/page"}],"author":[{"embeddable":true,"href":"https:\/\/consdubai.esteri.it\/it\/wp-json\/wp\/v2\/users\/1"}],"replies":[{"embeddable":true,"href":"https:\/\/consdubai.esteri.it\/it\/wp-json\/wp\/v2\/comments?post=91"}],"version-history":[{"count":7,"href":"https:\/\/consdubai.esteri.it\/it\/wp-json\/wp\/v2\/pages\/91\/revisions"}],"predecessor-version":[{"id":2410,"href":"https:\/\/consdubai.esteri.it\/it\/wp-json\/wp\/v2\/pages\/91\/revisions\/2410"}],"up":[{"embeddable":true,"href":"https:\/\/consdubai.esteri.it\/it\/wp-json\/wp\/v2\/pages\/59"}],"wp:attachment":[{"href":"https:\/\/consdubai.esteri.it\/it\/wp-json\/wp\/v2\/media?parent=91"}],"curies":[{"name":"wp","href":"https:\/\/api.w.org\/{rel}","templated":true}]}}