{"id":67,"date":"2023-04-03T19:27:59","date_gmt":"2023-04-03T17:27:59","guid":{"rendered":"https:\/\/consolatomosca.esteri.it\/?page_id=67"},"modified":"2026-04-01T13:15:04","modified_gmt":"2026-04-01T09:15:04","slug":"passaporti-e-carte-didentita","status":"publish","type":"page","link":"https:\/\/consdubai.esteri.it\/it\/servizi-consolari-e-visti\/servizi-per-il-cittadino-italiano\/passaporti-e-carte-didentita\/","title":{"rendered":"Passaporti e Carte d\u2019identit\u00e0"},"content":{"rendered":"<h1>Passaporti e Carte d\u2019identit\u00e0<\/h1>\n<p><strong>REQUISITI PER L\u2019EMISSIONE DEL PASSAPORTO<\/strong><\/p>\n<p>Al momento della richiesta di passaporto il Consolato verificher\u00e0 che la situazione anagrafica e di stato civile del richiedente sia aggiornata; nel caso la documentazione o la situazione anagrafica e di stato civile del richiedente non risulti completa e\/o aggiornata, non sar\u00e0 possibile procedere al rilascio in giornata del passaporto.<\/p>\n<p>Questo perch\u00e9 il cittadino italiano che vive all\u2019estero <u>HA L\u2019OBBLIGO<\/u> (articolo 16 della Legge 1185\/1967) di informare le autorit\u00e0 italiane circa ogni evento occorso durante la propria permanenza all\u2019estero (matrimonio, nascite, divorzi, ecc.) attraverso la richiesta di trascrizione degli atti di stato civile.<\/p>\n<p>Inoltre, condizione necessaria ai fini dell\u2019emissione del passaporto \u00e8 che il richiedente <strong>sia regolarmente iscritto AIRE.<\/strong><\/p>\n<p><strong>Si informano gli utenti che gli appuntamenti sono gestiti <u>unicamente<\/u> tramite il sistema PRENOT@MI e NON tramite email<\/strong>.<strong> Per prenotare il tuo appuntamento online, premi\u00a0<\/strong><a href=\"https:\/\/prenotami.esteri.it\/\"><strong>QUI<\/strong><\/a><strong>.<\/strong><\/p>\n<p><strong><u>Esclusivamente in caso di assoluta e documentata urgenza<\/u><\/strong>, si invitano i residenti iscritti all\u2019AIRE nella circoscrizione consolare di Dubai a contattare il settore passaporti via email all\u2019indirizzo <a href=\"mailto:consular.dubai@esteri.it\">consular.dubai@esteri.it<\/a>. Se la documentazione inviata a giustificazione dell\u2019urgenza sar\u00e0 ritenuta idonea, l\u2019Ufficio passaporti fisser\u00e0 un appuntamento.<\/p>\n<p>SI considerano motivi di comprovata urgenza i seguenti casi:<\/p>\n<ul>\n<li><strong>gravi motivi familiari \/di salute<\/strong>, comprovati da certificato medico originale redatto in lingua italiana o inglese (se redatto in altra lingua occorre provvedere la traduzione ufficiale in lingua italiana) corredato dalla prenotazione del volo,<\/li>\n<\/ul>\n<p>oppure da:<\/p>\n<ul>\n<li><strong>improrogabili necessit\u00e0 di lavoro<\/strong> comprovate da richiesta motivata e dettagliata su carta intestata del datore di lavoro, corredata dalla prenotazione del volo. Quest\u2019ultima deve essere firmata da chi ricopre incarichi dirigenziali e deve riportare l\u2019indicazione del nominativo di chi firma, il ruolo ricoperto ed il numero di telefono.<\/li>\n<\/ul>\n<p>Si ricorda che i benefici della procedura d\u2019urgenza per motivi di lavoro <u>NON<\/u> potranno in alcun modo essere estesi anche ai familiari del titolare.<\/p>\n<p>La caratteristica di \u201curgenza\u201d\u00a0 sar\u00e0 validata dal responsabile dell\u2019Ufficio, al quale spetter\u00e0 di definire la tempistica per la finalizzazione del procedimento nonch\u00e9 l\u2019eventuale applicazione dei diritti di urgenza in valuta locale (equivalenti a 50,00 \u20ac) oltre al normale costo del passaporto.<\/p>\n<p>&nbsp;<\/p>\n<p><strong>RILASCIO DEL PASSAPORTO \u2013 INFORMAZIONI GENERALI<\/strong><\/p>\n<p>Il rilascio del passaporto avviene esclusivamente previo appuntamento da prendersi tramite il sistema <strong>PRENOT@MI<\/strong>. In fase di prenotazione il sistema permette di prenotare pi\u00f9 posti per eventuali familiari. Nell\u2019indicare il numero degli appuntamenti aggiuntivi, bisogna calcolare solo i familiari e non se stessi.<\/p>\n<p>E\u2019 necessario recarsi di persona in Consolato.\u00a0<strong>L\u2019obbligo di presenza \u00e8 esteso anche ai minori.<\/strong><strong><br \/>\n<\/strong><br \/>\nPer i cittadini residenti iscritti all\u2019AIRE, e in assenza di motivi ostativi segnalati dalle autorit\u00e0 italiane, il rilascio del passaporto avviene il giorno stesso dell\u2019appuntamento.<\/p>\n<p>Per i connazionali genitori di figli minori a partire dal 14 giugno 2023 non sar\u00e0 pi\u00f9 necessario presentare l\u2019atto di assenso dell\u2019altro genitore ai fini del rilascio del proprio documento d\u2019identit\u00e0 (passaporto e CIE), ai sensi del D.L. 69\/2023.<br \/>\nNello specifico il novellato articolo 3-bis della L. 1185\/1967 indica che, quando vi \u00e8 concreto e attuale pericolo che a causa del trasferimento all\u2019estero questo possa sottrarsi all\u2019adempimento dei suoi obblighi verso i figli, sar\u00e0 possibile per l\u2019altro genitore richiedere una inibitoria al rilascio del documento.<br \/>\nL\u2019istanza potr\u00e0 essere presentata presso il giudice competente presso il Tribunale ordinario in cui il minore ha la residenza abituale ovvero, se il minore \u00e8 residente all\u2019estero, il Tribunale nel cui circondario si trova il suo Comune di iscrizione AIRE.<br \/>\nAi fini del rilascio dei documenti per i minori, invece, resta l\u2019obbligo dell\u2019assenso firmato da entrambi i genitori o da chi esercita la responsabilit\u00e0 genitoriale.<\/p>\n<p><strong>\u00a0<\/strong><strong>\u00a0<\/strong><\/p>\n<p><strong>DOCUMENTAZIONE RICHIESTA PER IL RILASCIO DEL PASSAPORTO <\/strong><\/p>\n<h4><strong>\u00a0<\/strong><strong>1.\u00a0\u00a0 <\/strong><strong>MAGGIORENNI<\/strong><\/h4>\n<p>Per il rilascio del passaporto in favore di persone maggiorenni, occorre presentarsi presso gli uffici del Consolato (previo appuntamento) con la seguente documentazione:<\/p>\n<ol>\n<li><strong>Modulo di rilascio del passaporto per maggiorenni<\/strong> gi\u00e0 compilata (<a href=\"https:\/\/consdubai.esteri.it\/it\/servizi-consolari-e-visti\/servizi-per-il-cittadino-italiano\/modulistica\/\">vedi modulistica<\/a>);\u00a0i richiedenti con figli minori di anni 18 dovranno attestare, nel modulo stesso, l\u2019assenza di cause inibitorie al rilascio del passaporto;<\/li>\n<li><strong>Due fotografie recenti formato tessera<\/strong>, uguali, frontali e a colori su sfondo chiaro (<a href=\"https:\/\/www.poliziadistato.it\/statics\/10\/fotografia_passaporto_web.pdf\">Vedi specifiche foto<\/a>);<\/li>\n<li><strong>Originale e fotocopia del passaporto scaduto o da sostituire<\/strong>. Attenzione, in caso di smarrimento o furto del passaporto \u00e8 necessario produrre la denuncia sporta presso le locali autorit\u00e0 di polizia;<\/li>\n<li><strong>Fotocopia di Emirates ID in corso di validit\u00e0.<\/strong><\/li>\n<\/ol>\n<p>Il giorno dell\u2019appuntamento si prega di presentarsi con i formulari compilati.<br \/>\nIl Consolato non percepisce le percezioni consolari con Bancomat o Carta di Credito.<\/p>\n<p>Le tariffe per i servizi consolari sono consultabili al seguente <a href=\"https:\/\/consdubai.esteri.it\/wp-content\/uploads\/2025\/10\/Tariffe_Consolari-Visti_IV-SEMESTRE_2025.pdf\">link<\/a>\u00a0 <span style=\"text-decoration: underline;\"><em>(Le tariffe consolari potranno essere pagate esclusivamente in contanti)<\/em><\/span><\/p>\n<p><strong>Le domande incomplete non potranno essere accolte.<\/strong><\/p>\n<h4><\/h4>\n<h4><strong>2.\u00a0\u00a0 <\/strong><strong>MINORENNI<\/strong><\/h4>\n<p>Tutti i minori di 18 anni italiani che viaggiano devono essere muniti di documento identit\u00e0 individuale. La validit\u00e0 temporale del passaporto rilasciato ad un minorenne \u00e8 differenziata in base all\u2019et\u00e0:<\/p>\n<ul>\n<li>3 anni di validit\u00e0 per i minori da 0 a 3 anni;<\/li>\n<li>5 anni di validit\u00e0 per i minori da 3 a 18 anni.<\/li>\n<\/ul>\n<p>Fino al compimento dei 14 anni, i minori italiani possono espatriare a condizione che viaggino accompagnati da almeno uno dei genitori o da chi ne fa le veci, oppure che venga rilasciata una dichiarazione di accompagnamento rilasciata da chi pu\u00f2 dare l\u2019assenso o l\u2019autorizzazione (articolo 3, lettera a) della legge 21 novembre 1967, n. 1185 (<a href=\"https:\/\/consdubai.esteri.it\/it\/servizi-consolari-e-visti\/servizi-per-il-cittadino-italiano\/modulistica\/\">vedi modulistica<\/a>).<\/p>\n<p><strong>La presenza del minore presso gli uffici del Consolato \u00e8 sempre richiesta.<\/strong><\/p>\n<p>La documentazione da allegare \u00e8 la seguente:<\/p>\n<ol>\n<li><strong>Modulo di rilascio di passaporto per minori<\/strong> firmata da entrambi i genitori, oppure, in alternativa, domanda di rilascio di passaporto per minori firmata da uno solo di essi e separato atto di assenso dell\u2019altro genitore (<a href=\"https:\/\/consdubai.esteri.it\/it\/servizi-consolari-e-visti\/servizi-per-il-cittadino-italiano\/modulistica\/\">vedi modulistica<\/a>);<\/li>\n<li><strong>Originale e fotocopia del passaporto scaduto o da sostituire<\/strong>. Attenzione, in caso di smarrimento o furto del passaporto \u00e8 necessario produrre la denuncia sporta presso le locali autorit\u00e0 di polizia;<\/li>\n<li><strong>Due fotografie recenti formato tessera<\/strong>, uguali, frontali e a colori su sfondo bianco, gi\u00e0 tagliate ed in linea con le specifiche previste (<a href=\"https:\/\/www.poliziadistato.it\/statics\/10\/fotografia_passaporto_web.pdf\">vedi specifiche foto<\/a>);<\/li>\n<li><strong>Documento di riconoscimento con foto e firma di entrambi i genitori<\/strong> (passaporto o carta identit\u00e0) pi\u00f9 fotocopia. Per i cittadini UE \u00e8 sufficiente sia accompagnata dalla fotocopia di un documento di riconoscimento. Per i cittadini dei paesi extra-europei l\u2019altro genitore dovr\u00e0 invece sottoscrivere l\u2019assenso personalmente in Consolato o, in alternativa, presso una Questura se in Italia o una rappresentanza diplomatico-consolare se all\u2019estero in un paese diverso dagli E.A.U.;<\/li>\n<li><strong>Fotocopia di Emirates ID in corso di validit\u00e0 (EID del minore e dei genitori).<\/strong><\/li>\n<\/ol>\n<h5><strong>\u00a0<\/strong><\/h5>\n<h5><strong>\u00a0<\/strong><strong>RILASCIO DEL PASSAPORTO A FAVORE DI NEONATI<\/strong><\/h5>\n<p>Per quanto riguarda il primo rilascio del passaporto in favore di neonato, si fa presente che occorrer\u00e0 prima richiedere la trascrizione dell\u2019atto di nascita prenotando il servizio <strong>TRASCRIZIONE ATTI NASCITA EAU tramite il portale <\/strong><a href=\"https:\/\/prenotami.esteri.it\/\"><strong>PRENOT@MI<\/strong><\/a><strong>.<\/strong><\/p>\n<p>E\u2019 infatti necessario acquisire preliminarmente il certificato di nascita al fine di:<\/p>\n<p>&#8211; verificare la costituzione del rapporto di filiazione con almeno un genitore di cittadinanza italiana;<\/p>\n<p>&#8211; verificare la sussistenza delle condizioni per <a href=\"https:\/\/consdubai.esteri.it\/it\/servizi-consolari-e-visti\/servizi-per-il-cittadino-italiano\/stato-civile\/nascita\/\"><strong>l\u2019acquisto automatico<\/strong> o <strong>per beneficio di legge della cittadinanza italiana da parte minore nato all\u2019estero<\/strong>, ai sensi della legge n. 74 del 23\/05\/2025 che ha modificato la normativa in materia di acquisizione della cittadinanza italiana da parte dei figli di<strong> cittadini italiani <\/strong>nati all\u2019estero<\/a><strong>.<\/strong><\/p>\n<p>In concreto, non verranno accettate le richieste di passaporto in favore di neonati il cui atto di nascita non sia stato gi\u00e0 presentato per la trascrizione all\u2019Ufficio Consolare.<\/p>\n<p>Solo successivamente, nelle more del perfezionamento della trascrizione del predetto atto in Italia, si potr\u00e0 dare seguito alla domanda di passaporto.<br \/>\nPer maggiori informazioni su come registrare il certificato di nascita, visitare il seguente\u00a0<a href=\"https:\/\/consdubai.esteri.it\/it\/servizi-consolari-e-visti\/servizi-per-il-cittadino-italiano\/stato-civile\/nascita\/\">link<\/a>.<\/p>\n<p>&nbsp;<\/p>\n<p>&nbsp;<\/p>\n<p>_________________________________________________________________<\/p>\n<p><strong>Carta di Identit\u00e0 Elettronica (CIE)<\/strong><\/p>\n<p>La Carta d\u2019Identit\u00e0 Elettronica\u00a0<strong>NON<\/strong>\u00a0viene rilasciata a vista, bens\u00ec viene spedita per posta presso questo Consolato Generale.<\/p>\n<ol>\n<li><strong> Che cos\u2019\u00e8 la carta d\u2019identit\u00e0 elettronica?<\/strong><br \/>\nLa carta d\u2019identit\u00e0 \u00e8 un documento personale di riconoscimento valido per identificarsi e circolare nell\u2019Unione Europea, in alcuni Stati aderenti all\u2019accordo di Schengen (ad es. Islanda, Norvegia e Svizzera) e in altri Stati con cui sono stati raggiunti accordi bilaterali (vedasi le singole \u201cschede Paese\u201d sul sito\u00a0<a href=\"http:\/\/www.viaggiaresicuri.it)\/\">www.viaggiaresicuri.it)<\/a>.<\/li>\n<li><strong> A chi pu\u00f2 essere rilasciata la carta d\u2019identit\u00e0 elettronica?<\/strong><br \/>\nIl Consolato Generale d\u2019Italia a Dubai pu\u00f2 rilasciare la carta d\u2019identit\u00e0 esclusivamente ai cittadini italiani regolarmente residenti in questa circoscrizione consolare con iscrizione AIRE completa.<br \/>\nNel caso si sia cambiato indirizzo di residenza (rispetto a quello comunicato in precedenza all\u2019Ufficio consolare), \u00e8 necessario chiedere la variazione di indirizzo tramite il portale FAST IT prima di procedere alla prenotazione.<\/li>\n<li><strong> Quando si pu\u00f2 richiedere?<\/strong><br \/>\n\u2022 in sostituzione di una carta di identit\u00e0 cartacea valida;<br \/>\n\u2022 a chi non sia in possesso di un\u2019altra carta d\u2019identit\u00e0 valida;<br \/>\n\u2022 in caso di furto, smarrimento o deterioramento della carta precedente.<\/li>\n<li><strong> Come si richiede la carta d\u2019identit\u00e0 elettronica (CIE)?<\/strong><br \/>\nLa richiesta della carta d\u2019identit\u00e0 elettronica deve essere presentata utilizzando esclusivamente la piattaforma <a href=\"https:\/\/prenotami.esteri.it\/\"><strong>PRENOT@MI<\/strong><\/a> da pc o laptop (non da cellulare) con uno dei seguenti browser:<br \/>\n\u2022 Edge;<br \/>\n\u2022 Chrome.<\/li>\n<li><strong> \u00c8 possibile chiedere l\u2019appuntamento per i miei figli minori?<\/strong><br \/>\nS\u00ec. In fase di prenotazione dell\u2019appuntamento bisogner\u00e0 compilare una scheda per ciascuna persona che ha bisogno della nuova carta CIE (richiedenti).<\/li>\n<li><strong> Qual \u00e8 la documentazione necessaria da portare con s\u00e9 al momento dell\u2019appuntamento per richiedere la CIE?<\/strong><br \/>\nNormalmente il richiedente deve presentarsi munito di:<br \/>\n1.\u00a0<a href=\"https:\/\/consdubai.esteri.it\/wp-content\/uploads\/2024\/04\/Modello-_richiesta-CIE-maggiorenne_-2024.docx\">Modulo di richiesta<\/a> della CIE per maggiorenni;<br \/>\n2. Una fototessera a norma biometrica (recente, frontale, a sfondo bianco, a colori formato 35 x 45 mm);<br \/>\n3. Carta di identit\u00e0 precedente \/ passaporto;<br \/>\n4. Dichiarazione di smarrimento\/furto precedente carta se del caso;<br \/>\n5. Atto di assenso di entrambi genitori nel caso in cui il richiedente sia un minore di 18 anni (v. punto 10).<\/li>\n<li><strong> Quali sono le operazioni che saranno effettuate il giorno dell\u2019appuntamento?<\/strong><br \/>\nIl giorno dell\u2019appuntamento, l\u2019operatore consolare acquisisce la documentazione indicata al punto precedente, effettua il riconoscimento e la verifica della foto ed acquisisce le impronte digitali e la firma (salvo per i minori di anni 12).<\/li>\n<li><strong> Come si riceve la Carta d\u2019identit\u00e0 elettronica?<\/strong><br \/>\nLa CIE \u00e8 emessa dal Ministero dell\u2019Interno e prodotta dall\u2019Istituto Poligrafico e Zecca dello Stato, che la spedisce, a mezzo posta raccomandata, presso il Consolato.<\/li>\n<li><strong> Quanto tempo vale la carta d\u2019identit\u00e0?<\/strong><br \/>\nLa validit\u00e0 della carta d\u2019identit\u00e0 varia a seconda dell\u2019et\u00e0 del titolare ed \u00e8 di:<br \/>\n\u2013 3 anni di validit\u00e0 per i minori di et\u00e0 compresa tra 0 e 3 anni;<br \/>\n\u2013 5 anni di validit\u00e0 per i minori di et\u00e0 compresa tra 4 e 17 anni;<br \/>\n\u2013 10 anni di validit\u00e0 per maggiorenni.<\/li>\n<li><strong> Cos\u2019\u00e8 l\u2019atto di assenso?<\/strong><br \/>\nL\u2019assenso per il rilascio della carta di identit\u00e0 per minorenni \u00e8 necessario anche in caso di genitori non sposati, separati o divorziati.<br \/>\nSe l\u2019altro genitore \u00e8 un cittadino comunitario, non \u00e8 necessaria la presenza in Consolato dello stesso. Sar\u00e0 sufficiente il modulo\u00a0<a href=\"https:\/\/consdubai.esteri.it\/wp-content\/uploads\/2023\/10\/cie2.pdf\">CIE2<\/a> \u00a0compilato e firmato insieme ad una fotocopia del passaporto o carta d\u2019identit\u00e0 di chi concede l\u2019assenso, per il confronto delle firme.<\/li>\n<\/ol>\n<p style=\"padding-left: 40px;\">Se il genitore che concede l\u2019assenso \u00e8 extracomunitario \u2013 deve firmare la dichiarazione di assenso in una delle seguenti modalit\u00e0:<\/p>\n<ul>\n<li style=\"list-style-type: none;\">\n<ul>\n<li>Presso il Consolato Generale di Dubai il giorno dell\u2019appuntamento, munito di documento di identit\u00e0;<\/li>\n<li>presso un funzionario della Pubblica Amministrazione in Italia;<\/li>\n<li>presso un funzionario di una qualsiasi Ambasciata o Consolato italiano nel mondo.<\/li>\n<\/ul>\n<\/li>\n<\/ul>\n<p style=\"padding-left: 40px;\">In caso di decesso di uno dei genitori occorre presentare una copia del certificato di morte.<br \/>\nNel caso in cui non fosse possibile ottenere l\u2019assenso dell\u2019altro genitore, sar\u00e0 necessario chiedere l\u2019emissione di un Decreto del Giudice Tutelare.<\/p>\n<ol start=\"11\">\n<li><strong> Devo chiedere una nuova carta se cambio indirizzo?<\/strong><br \/>\nNo. La carta d\u2019identit\u00e0 \u00e8 un documento di identit\u00e0 e non di residenza.<\/li>\n<li><strong> \u00c8 possibile per le donne sposate inserire il cognome del marito?<\/strong><br \/>\nNo. La carta d\u2019identit\u00e0 \u00e8 un documento di identit\u00e0 e non di stato civile.<\/li>\n<li><strong> Posso richiedere la carta di identit\u00e0 presso il mio Comune in Italia, anche se residente all\u2019estero?<br \/>\n<\/strong>A seguito dell\u2019entrata in vigore della legge n.11 del 19 gennaio 2026 anche i cittadini italiani iscritti all\u2019Anagrafe degli Italiani Residenti all\u2019Estero (AIRE), <strong>a decorrere dal 1\u00b0 giugno 2026<\/strong>, potranno presentare domanda di rilascio della\u00a0<strong>Carta d\u2019Identit\u00e0 Elettronica<\/strong>\u00a0(CIE)\u00a0<strong>presso qualsiasi Comune<\/strong>\u00a0<strong>italiano<\/strong>, e non esclusivamente tramite l\u2019Ufficio consolare.<\/li>\n<\/ol>\n<p style=\"padding-left: 40px;\">La Carta d\u2019Identit\u00e0 Elettronica sar\u00e0 rilasciata secondo le medesime modalit\u00e0 previste per le domande presentate presso gli Uffici consolari.<\/p>\n<p style=\"padding-left: 40px;\">L\u2019interessato potr\u00e0 scegliere se:<\/p>\n<ul>\n<li style=\"list-style-type: none;\">\n<ul>\n<li>ritirare personalmente la CIE presso il Comune dove \u00e8 stata presentata la domanda<\/li>\n<li>richiederne la spedizione all\u2019estero, al proprio indirizzo di residenza. In tal caso si ricorda che \u00e8 <strong>obbligatorio<\/strong> indicare il numero di P.O. Box, in assenza del quale sar\u00e0 impossibile effettuare il recapito postale.<\/li>\n<\/ul>\n<\/li>\n<\/ul>\n<p>&nbsp;<\/p>\n<p>&nbsp;<\/p>\n","protected":false},"excerpt":{"rendered":"Passaporti e Carte d\u2019identit\u00e0 REQUISITI PER L\u2019EMISSIONE DEL PASSAPORTO Al momento della richiesta di passaporto il Consolato verificher\u00e0 che la situazione anagrafica e di stato civile del richiedente sia aggiornata; nel caso la documentazione o la situazione anagrafica e di stato civile del richiedente non risulti completa e\/o aggiornata, non sar\u00e0 possibile procedere al rilascio [&hellip;]","protected":false},"author":1,"featured_media":0,"parent":59,"menu_order":0,"comment_status":"closed","ping_status":"closed","template":"","meta":{"footnotes":""},"class_list":["post-67","page","type-page","status-publish","hentry"],"_links":{"self":[{"href":"https:\/\/consdubai.esteri.it\/it\/wp-json\/wp\/v2\/pages\/67","targetHints":{"allow":["GET"]}}],"collection":[{"href":"https:\/\/consdubai.esteri.it\/it\/wp-json\/wp\/v2\/pages"}],"about":[{"href":"https:\/\/consdubai.esteri.it\/it\/wp-json\/wp\/v2\/types\/page"}],"author":[{"embeddable":true,"href":"https:\/\/consdubai.esteri.it\/it\/wp-json\/wp\/v2\/users\/1"}],"replies":[{"embeddable":true,"href":"https:\/\/consdubai.esteri.it\/it\/wp-json\/wp\/v2\/comments?post=67"}],"version-history":[{"count":7,"href":"https:\/\/consdubai.esteri.it\/it\/wp-json\/wp\/v2\/pages\/67\/revisions"}],"predecessor-version":[{"id":2407,"href":"https:\/\/consdubai.esteri.it\/it\/wp-json\/wp\/v2\/pages\/67\/revisions\/2407"}],"up":[{"embeddable":true,"href":"https:\/\/consdubai.esteri.it\/it\/wp-json\/wp\/v2\/pages\/59"}],"wp:attachment":[{"href":"https:\/\/consdubai.esteri.it\/it\/wp-json\/wp\/v2\/media?parent=67"}],"curies":[{"name":"wp","href":"https:\/\/api.w.org\/{rel}","templated":true}]}}