{"id":392,"date":"2023-10-17T11:39:46","date_gmt":"2023-10-17T07:39:46","guid":{"rendered":"https:\/\/consdubai.esteri.it\/?page_id=392"},"modified":"2025-10-03T13:48:58","modified_gmt":"2025-10-03T09:48:58","slug":"modulistica","status":"publish","type":"page","link":"https:\/\/consdubai.esteri.it\/it\/servizi-consolari-e-visti\/servizi-per-il-cittadino-italiano\/modulistica\/","title":{"rendered":"Modulistica"},"content":{"rendered":"<table class=\"table\">\n<tbody>\n<tr>\n<td><strong>AVVISO<\/strong>: Si comunica che, a partire dal 15 novembre 2021, i cittadini iscritti in AIRE hanno la possibilit\u00e0 di richiedere direttamente online diversi tipi di certificati anagrafici. Il rilascio di tali certificati \u00e8 gratuito e naturalmente possibile solo a condizione di avere un&#8217;identit\u00e0 digitale (CIE, Spid o CNS), dal momento che tale modalit\u00e0 \u00e8 ormai l&#8217;unica in Italia per accedere ai servizi telematici erogati dalla Pubblica Amministrazione.<br \/>\nIl sito al quale \u00e8 necessario connettersi \u00e8\u00a0<a href=\"https:\/\/www.anagrafenazionale.interno.it\/servizi-al-cittadino\/\">https:\/\/www.anagrafenazionale.interno.it\/servizi-al-cittadino\/<\/a>.I certificati che si possono richiedere, per s\u00e9 oppure per i familiari conviventi anagraficamente, sono:<\/p>\n<div>\n<p>\u25cf Anagrafico di nascita<br \/>\n\u25cf Anagrafico di matrimonio<br \/>\n\u25cf di Cittadinanza<br \/>\n\u25cf di Esistenza in vita<br \/>\n\u25cf di Residenza<br \/>\n\u25cf di Residenza AIRE<br \/>\n\u25cf di Stato civile<br \/>\n\u25cf di Stato di famiglia<br \/>\n\u25cf di Stato di famiglia e di stato civile<br \/>\n\u25cf di Residenza in convivenza<br \/>\n\u25cf di Stato di famiglia AIRE<br \/>\n\u25cf di Stato di famiglia con rapporti di parentela<br \/>\n\u25cf di Stato Libero<br \/>\n\u25cf Anagrafico di Unione Civile<br \/>\n\u25cf di Contratto di Convivenza<\/p>\n<\/div>\n<\/td>\n<\/tr>\n<\/tbody>\n<\/table>\n<p style=\"text-align: left;\" align=\"center\"><a href=\"https:\/\/consdubai.esteri.it\/wp-content\/uploads\/2023\/10\/domanda_passaporto_2023.pdf\">Formulario richiesta Passaporto<\/a><\/p>\n<p style=\"text-align: left;\" align=\"center\"><a href=\"https:\/\/consdubai.esteri.it\/wp-content\/uploads\/2023\/10\/formulario_rilascio_rinnovo_minori2_2018.pdf\">Formulario richiesta Passaporto minori 18 anni<\/a><\/p>\n<p style=\"text-align: left;\" align=\"center\"><a href=\"https:\/\/consdubai.esteri.it\/wp-content\/uploads\/2023\/10\/attoassenso2018.pdf\" target=\"_blank\" rel=\"noopener noreferrer\">Atto di assenso<\/a><\/p>\n<p style=\"text-align: left;\" align=\"center\"><a href=\"https:\/\/consdubai.esteri.it\/wp-content\/uploads\/2023\/10\/accompagnamento_marzo_2019.pdf\">Dichiarazione di accompagnamento per minori<\/a>\u00a0(Il modulo deve essere dattiloscritto)<\/p>\n<p style=\"text-align: left;\" align=\"center\"><a href=\"https:\/\/consdubai.esteri.it\/wp-content\/uploads\/2023\/10\/modulo_aire.pdf\">Modulo di iscrizione all\u2019A.I.R.E.<\/a><\/p>\n<p style=\"text-align: left;\" align=\"center\"><a href=\"https:\/\/consdubai.esteri.it\/wp-content\/uploads\/2024\/01\/modulo__trasferimento_aire-2024.pdf\">Modulo richiesta iscrizione A.I.R.E. in altro Comune<\/a><\/p>\n<p style=\"text-align: left;\" align=\"center\"><a href=\"https:\/\/consdubai.esteri.it\/wp-content\/uploads\/2023\/10\/cambioindirizzo2018.pdf\" target=\"_blank\" rel=\"noopener noreferrer\">Modulo di variazione indirizzo<\/a><\/p>\n<p style=\"text-align: left;\"><a href=\"https:\/\/consdubai.esteri.it\/wp-content\/uploads\/2023\/10\/trascrizione_matrimonio2018.pdf\" target=\"_blank\" rel=\"noopener noreferrer\">Modulo richiesta trascrizione certificato di matrimonio<\/a><\/p>\n<p><a href=\"https:\/\/consdubai.esteri.it\/wp-content\/uploads\/2025\/10\/modulo_richiesta_trascrizione_divorzio.pdf\">Dichiarazione sostitutiva atto di notoriet\u00e0 per divorzio<\/a><\/p>\n<p style=\"text-align: left;\"><a href=\"https:\/\/consdubai.esteri.it\/wp-content\/uploads\/2025\/09\/Modulo-richiesta-trascrizione-Nascita_ACQUISTO-AUTOMATICO.docx\" target=\"_blank\" rel=\"noopener noreferrer\">Modulo richiesta trascrizione certificato di nascita Acquisto automatico<\/a><\/p>\n<p><a href=\"https:\/\/consdubai.esteri.it\/wp-content\/uploads\/2025\/09\/Modulo-richiesta-trascrizione-Nascita_BENEFICIO-DI-LEGGE.docx\">Modulo richiesta trascrizione certificato di nascita BENEFICIO DI LEGGE<\/a><\/p>\n<p><a href=\"https:\/\/consdubai.esteri.it\/wp-content\/uploads\/2023\/10\/traduzione_certificato_nascita2018.pdf\" target=\"_blank\" rel=\"noopener noreferrer\">Traduzione Certificato Nascita Emiratino<\/a><\/p>\n<p style=\"text-align: left;\"><a href=\"https:\/\/consdubai.esteri.it\/wp-content\/uploads\/2023\/10\/masserizie2018.pdf\" target=\"_blank\" rel=\"noopener noreferrer\">Rimpatrio definitivo in Italia con masserizie<\/a>\u00a0(Il modulo deve essere dattiloscritto)<\/p>\n<p style=\"text-align: left;\"><a href=\"https:\/\/consdubai.esteri.it\/wp-content\/uploads\/2023\/10\/richiestacertificatocittadinanza.pdf\" target=\"_blank\" rel=\"noopener noreferrer\">Richiesta certificato di cittadinanza<\/a><\/p>\n<p style=\"text-align: left;\"><a href=\"https:\/\/consdubai.esteri.it\/wp-content\/uploads\/2023\/10\/modulorichiestatrascrizionemorte.pdf\" target=\"_blank\" rel=\"noopener noreferrer\">Modulo richiesta trascrizione certificato di morte<\/a><\/p>\n<p style=\"text-align: left;\"><a href=\"https:\/\/consdubai.esteri.it\/wp-content\/uploads\/2023\/10\/richiestacertificazionepensione.pdf\" target=\"_blank\" rel=\"noopener noreferrer\">Richiesta di certificazione pensione<\/a><\/p>\n<p><a href=\"https:\/\/consdubai.esteri.it\/wp-content\/uploads\/2024\/04\/Modello-_richiesta-CIE-maggiorenne_-2024.docx\">Modulo richiesta CIE adulto<\/a><\/p>\n<p style=\"text-align: left;\"><a href=\"https:\/\/consdubai.esteri.it\/wp-content\/uploads\/2023\/10\/cie2.pdf\">Modulo CIE2\u00a0<\/a><\/p>\n<p>&nbsp;<\/p>\n<p>&nbsp;<\/p>\n<p>&nbsp;<\/p>\n","protected":false},"excerpt":{"rendered":"AVVISO: Si comunica che, a partire dal 15 novembre 2021, i cittadini iscritti in AIRE hanno la possibilit\u00e0 di richiedere direttamente online diversi tipi di certificati anagrafici. Il rilascio di tali certificati \u00e8 gratuito e naturalmente possibile solo a condizione di avere un&#8217;identit\u00e0 digitale (CIE, Spid o CNS), dal momento che tale modalit\u00e0 \u00e8 ormai [&hellip;]","protected":false},"author":3,"featured_media":0,"parent":59,"menu_order":0,"comment_status":"closed","ping_status":"closed","template":"","meta":{"footnotes":""},"class_list":["post-392","page","type-page","status-publish","hentry"],"_links":{"self":[{"href":"https:\/\/consdubai.esteri.it\/it\/wp-json\/wp\/v2\/pages\/392","targetHints":{"allow":["GET"]}}],"collection":[{"href":"https:\/\/consdubai.esteri.it\/it\/wp-json\/wp\/v2\/pages"}],"about":[{"href":"https:\/\/consdubai.esteri.it\/it\/wp-json\/wp\/v2\/types\/page"}],"author":[{"embeddable":true,"href":"https:\/\/consdubai.esteri.it\/it\/wp-json\/wp\/v2\/users\/3"}],"replies":[{"embeddable":true,"href":"https:\/\/consdubai.esteri.it\/it\/wp-json\/wp\/v2\/comments?post=392"}],"version-history":[{"count":7,"href":"https:\/\/consdubai.esteri.it\/it\/wp-json\/wp\/v2\/pages\/392\/revisions"}],"predecessor-version":[{"id":1934,"href":"https:\/\/consdubai.esteri.it\/it\/wp-json\/wp\/v2\/pages\/392\/revisions\/1934"}],"up":[{"embeddable":true,"href":"https:\/\/consdubai.esteri.it\/it\/wp-json\/wp\/v2\/pages\/59"}],"wp:attachment":[{"href":"https:\/\/consdubai.esteri.it\/it\/wp-json\/wp\/v2\/media?parent=392"}],"curies":[{"name":"wp","href":"https:\/\/api.w.org\/{rel}","templated":true}]}}