{"id":38,"date":"2023-04-03T19:16:15","date_gmt":"2023-04-03T17:16:15","guid":{"rendered":"https:\/\/consolatomosca.esteri.it\/?page_id=38"},"modified":"2023-10-17T14:45:37","modified_gmt":"2023-10-17T10:45:37","slug":"numeri-di-emergenza","status":"publish","type":"page","link":"https:\/\/consdubai.esteri.it\/it\/chi-siamo\/numeri-di-emergenza\/","title":{"rendered":"Numeri di emergenza"},"content":{"rendered":"<p style=\"text-align: center;\">In caso di comprovata emergenza il seguente numero di cellulare di emergenza:<\/p>\n<p style=\"text-align: center;\"><strong>00 971 50 6563375 <\/strong><\/p>\n<p style=\"text-align: center;\"><em><b>(Operativo esclusivamente dal luned\u00ec al venerd\u00ec dalle 16 alle 22 e nei giorni festivi dalle ore 9 alle ore 22)<\/b><\/em><\/p>\n<p style=\"text-align: center;\">Il numero \u00e8 dedicato esclusivamente a cittadini italiani e solo per situazioni di comprovata emergenza.<\/p>\n<p style=\"text-align: center;\">Le chiamate per pratiche consolari ordinarie (passaporti, visti, etc.) NON verranno prese in considerazione.<\/p>\n<p style=\"text-align: center;\">Nelle restanti fasce orarie, ed esclusivamente per situazioni di assoluta emergenza, \u00e8 possibile contattare l\u2019Unit\u00e0 di Crisi della Farnesina al numero +39 0636225.<\/p>\n","protected":false},"excerpt":{"rendered":"In caso di comprovata emergenza il seguente numero di cellulare di emergenza: 00 971 50 6563375 (Operativo esclusivamente dal luned\u00ec al venerd\u00ec dalle 16 alle 22 e nei giorni festivi dalle ore 9 alle ore 22) Il numero \u00e8 dedicato esclusivamente a cittadini italiani e solo per situazioni di comprovata emergenza. Le chiamate per pratiche [&hellip;]","protected":false},"author":1,"featured_media":0,"parent":13,"menu_order":10,"comment_status":"closed","ping_status":"closed","template":"","meta":{"footnotes":""},"class_list":["post-38","page","type-page","status-publish","hentry"],"_links":{"self":[{"href":"https:\/\/consdubai.esteri.it\/it\/wp-json\/wp\/v2\/pages\/38","targetHints":{"allow":["GET"]}}],"collection":[{"href":"https:\/\/consdubai.esteri.it\/it\/wp-json\/wp\/v2\/pages"}],"about":[{"href":"https:\/\/consdubai.esteri.it\/it\/wp-json\/wp\/v2\/types\/page"}],"author":[{"embeddable":true,"href":"https:\/\/consdubai.esteri.it\/it\/wp-json\/wp\/v2\/users\/1"}],"replies":[{"embeddable":true,"href":"https:\/\/consdubai.esteri.it\/it\/wp-json\/wp\/v2\/comments?post=38"}],"version-history":[{"count":2,"href":"https:\/\/consdubai.esteri.it\/it\/wp-json\/wp\/v2\/pages\/38\/revisions"}],"predecessor-version":[{"id":465,"href":"https:\/\/consdubai.esteri.it\/it\/wp-json\/wp\/v2\/pages\/38\/revisions\/465"}],"up":[{"embeddable":true,"href":"https:\/\/consdubai.esteri.it\/it\/wp-json\/wp\/v2\/pages\/13"}],"wp:attachment":[{"href":"https:\/\/consdubai.esteri.it\/it\/wp-json\/wp\/v2\/media?parent=38"}],"curies":[{"name":"wp","href":"https:\/\/api.w.org\/{rel}","templated":true}]}}