{"id":35,"date":"2023-04-03T19:15:30","date_gmt":"2023-04-03T17:15:30","guid":{"rendered":"https:\/\/consolatomosca.esteri.it\/?page_id=35"},"modified":"2025-11-12T14:58:28","modified_gmt":"2025-11-12T10:58:28","slug":"la-sede","status":"publish","type":"page","link":"https:\/\/consdubai.esteri.it\/it\/chi-siamo\/la-sede\/","title":{"rendered":"La Sede"},"content":{"rendered":"<p>Il Consolato Generale d\u2019Italia a Dubai \u00e8 situato al World Trade Centre al 17mo piano della Sheikh Rashid Tower.<\/p>\n<p>E&#8217; retto da un Console Generale di carriera ed \u00e8 competente per gli Emirati di Dubai, Sharjah, Ajman, Umm al Quwain, Ras al Khaimah e Fujairah.<\/p>\n<p>Gli uffici sono aperti al pubblico dal luned\u00ec al venerd\u00ec dalle 9 alle 12 (previo appuntamento).<\/p>\n<p>Dal luned\u00ec al venerd\u00ec dalle 16 alle 22 e nei giorni festivi dalle ore 9 alle ore 22, \u00e8 operativo il numero di emergenza +971 50 6563375 dedicato esclusivamente a cittadini italiani e solo per situazioni di comprovata emergenza. Le chiamate per pratiche consolari ordinarie (passaporti, visti, etc.) NON verranno prese in considerazione.<\/p>\n<p>Al di fuori degli orari indicati \u00e8 possibile contattare il Funzionario di turno del Ministero degli Affari Esteri e della Cooperazione Internazionale al numero +39 06 3691 2666<br \/>\nIn caso di effettiva necessit\u00e0, il funzionario di turno del Ministero degli Affari Esteri e della Cooperazione allo Sviluppo raggiunger\u00e0 tempestivamente i funzionari del Consolato Generale di Dubai.<\/p>\n<p>Nel corso del 2025 gli uffici del Consolato Generale saranno chiusi per le seguenti festivit\u00e0:<\/p>\n<p><strong> \u00a0 \u00a0 \u00a0 \u00a0 \u00a0 \u00a0 \u00a0 \u00a0 \u00a0 \u00a0 \u00a0 \u00a0 \u00a0 \u00a0 \u00a0 \u00a0 \u00a0 \u00a0 \u00a0 \u00a0 \u00a0\u00a0<\/strong><\/p>\n<table class=\"table\" style=\"height: 34px;\" width=\"1277\">\n<tbody>\n<tr>\n<td><strong><span style=\"text-decoration: underline;\">Festivit\u00e0 osservate nel 2025<\/span>\u00a0 \u00a0<\/strong><\/td>\n<td><span style=\"text-decoration: underline;\"><strong>Festivit\u00e0 osservate nel 2026\u00a0 \u00a0<\/strong><\/span><\/td>\n<\/tr>\n<\/tbody>\n<\/table>\n<table class=\"table\" style=\"height: 244px;\" width=\"1278\">\n<tbody>\n<tr>\n<td>01 Gennaio,\u00a0 Capodanno<br \/>\n31 Marzo,\u00a0 Eid El Fitr<br \/>\n21 Aprile,\u00a0 Luned\u00ec dell&#8217;Angelo<br \/>\n25 Aprile,\u00a0 Festa della Liberazione<br \/>\n02 Giugno,\u00a0 Festa della Repubblica<br \/>\n06 e 07 Giugno,\u00a0 Eid Al Adha<br \/>\n02 Dicembre,\u00a0 Festa Nazionale EAU<br \/>\n08 Dicembre,\u00a0 Festa dell&#8217;Immacolata Concezione<br \/>\n25 Dicembre,\u00a0 Natale<br \/>\n26 Dicembre,\u00a0 Santo Stefano<\/td>\n<td>01 Gennaio,\u00a0 Capodanno<br \/>\n20 Marzo,\u00a0 Eid El Fitr<br \/>\n06 Aprile,\u00a0 Luned\u00ec dell&#8217;Angelo<br \/>\n25 Aprile,\u00a0 Festa della Liberazione<br \/>\n27 e 28 Maggio,\u00a0 Eid Al Adha<br \/>\n02 Giugno, Festa della Repubblica Italiana<br \/>\n02 Dicembre,\u00a0 Festa Nazionale EAU<br \/>\n08 Dicembre,\u00a0 Festa dell&#8217;Immacolata Concezione<br \/>\n25 Dicembre,\u00a0 Natale<br \/>\n26 Dicembre,\u00a0 Santo Stefano<\/td>\n<\/tr>\n<\/tbody>\n<\/table>\n","protected":false},"excerpt":{"rendered":"Il Consolato Generale d\u2019Italia a Dubai \u00e8 situato al World Trade Centre al 17mo piano della Sheikh Rashid Tower. E&#8217; retto da un Console Generale di carriera ed \u00e8 competente per gli Emirati di Dubai, Sharjah, Ajman, Umm al Quwain, Ras al Khaimah e Fujairah. Gli uffici sono aperti al pubblico dal luned\u00ec al venerd\u00ec [&hellip;]","protected":false},"author":1,"featured_media":0,"parent":13,"menu_order":2,"comment_status":"closed","ping_status":"closed","template":"","meta":{"footnotes":""},"class_list":["post-35","page","type-page","status-publish","hentry"],"_links":{"self":[{"href":"https:\/\/consdubai.esteri.it\/it\/wp-json\/wp\/v2\/pages\/35","targetHints":{"allow":["GET"]}}],"collection":[{"href":"https:\/\/consdubai.esteri.it\/it\/wp-json\/wp\/v2\/pages"}],"about":[{"href":"https:\/\/consdubai.esteri.it\/it\/wp-json\/wp\/v2\/types\/page"}],"author":[{"embeddable":true,"href":"https:\/\/consdubai.esteri.it\/it\/wp-json\/wp\/v2\/users\/1"}],"replies":[{"embeddable":true,"href":"https:\/\/consdubai.esteri.it\/it\/wp-json\/wp\/v2\/comments?post=35"}],"version-history":[{"count":6,"href":"https:\/\/consdubai.esteri.it\/it\/wp-json\/wp\/v2\/pages\/35\/revisions"}],"predecessor-version":[{"id":2093,"href":"https:\/\/consdubai.esteri.it\/it\/wp-json\/wp\/v2\/pages\/35\/revisions\/2093"}],"up":[{"embeddable":true,"href":"https:\/\/consdubai.esteri.it\/it\/wp-json\/wp\/v2\/pages\/13"}],"wp:attachment":[{"href":"https:\/\/consdubai.esteri.it\/it\/wp-json\/wp\/v2\/media?parent=35"}],"curies":[{"name":"wp","href":"https:\/\/api.w.org\/{rel}","templated":true}]}}